{"id":10,"date":"2021-05-27T07:27:07","date_gmt":"2021-05-27T07:27:07","guid":{"rendered":"https:\/\/staging.kasslin.com\/?page_id=10"},"modified":"2025-05-22T08:50:47","modified_gmt":"2025-05-22T08:50:47","slug":"10-2","status":"publish","type":"page","link":"https:\/\/kasslin.com\/","title":{"rendered":"Kasslin"},"content":{"rendered":"<p>[et_pb_section fb_built=&#8221;1&#8243; _builder_version=&#8221;4.9.4&#8243; _module_preset=&#8221;default&#8221; background_color=&#8221;#0C71C3&#8243; use_background_color_gradient=&#8221;on&#8221; background_color_gradient_start=&#8221;rgba(0,0,0,0)&#8221; background_color_gradient_end=&#8221;rgba(0,0,0,0.74)&#8221; background_color_gradient_start_position=&#8221;63%&#8221; background_color_gradient_overlays_image=&#8221;on&#8221; background_image=&#8221;https:\/\/kasslin.com\/wp-content\/uploads\/2025\/05\/mira_gold_wide.jpg&#8221; height=&#8221;100vh&#8221; custom_margin=&#8221;||||false|true&#8221; link_option_url=&#8221;https:\/\/kasslin.com\/?kivi_item=loft-2h-k-kph-khh-s-parvi-espoo-tyrskyvuori-4&#8243; background_last_edited=&#8221;on|desktop&#8221; custom_css_main_element=&#8221;box-sizing: border-box;&#8221;][et_pb_row column_structure=&#8221;1_2,1_2&#8243; _builder_version=&#8221;4.9.4&#8243; _module_preset=&#8221;default&#8221; positioning=&#8221;absolute&#8221; position_origin_a=&#8221;bottom_left&#8221; vertical_offset=&#8221;31px&#8221; width=&#8221;100%&#8221; max_width=&#8221;100%&#8221; custom_padding=&#8221;31px|31px|31px|31px|true|true&#8221; global_module=&#8221;3742&#8243;][et_pb_column type=&#8221;1_2&#8243; _builder_version=&#8221;4.9.4&#8243; _module_preset=&#8221;default&#8221;][et_pb_text _builder_version=&#8221;4.9.4&#8243; _module_preset=&#8221;default&#8221; text_font=&#8221;Josefin Sans|||on|||||&#8221; text_text_color=&#8221;#FFFFFF&#8221; header_text_align=&#8221;left&#8221; header_3_font=&#8221;Abel||||||||&#8221; header_3_text_align=&#8221;left&#8221; header_3_text_color=&#8221;#FFFFFF&#8221; header_3_font_size=&#8221;19px&#8221; header_3_letter_spacing=&#8221;5px&#8221; header_4_font=&#8221;Josefin Sans||||||||&#8221; header_4_text_align=&#8221;left&#8221; header_4_text_color=&#8221;#FFFFFF&#8221; header_4_font_size=&#8221;14px&#8221; header_text_align_tablet=&#8221;&#8221; header_text_align_phone=&#8221;center&#8221; header_text_align_last_edited=&#8221;on|phone&#8221; header_3_text_align_tablet=&#8221;left&#8221; header_3_text_align_phone=&#8221;center&#8221; header_3_text_align_last_edited=&#8221;on|desktop&#8221; header_4_text_align_tablet=&#8221;left&#8221; header_4_text_align_phone=&#8221;center&#8221; header_4_text_align_last_edited=&#8221;on|phone&#8221; text_orientation_tablet=&#8221;&#8221; text_orientation_phone=&#8221;center&#8221; text_orientation_last_edited=&#8221;on|desktop&#8221; header_3_line_height__hover_enabled=&#8221;on|desktop&#8221;]<\/p>\n<h3>Asuntoasioissa olethan yhteydess\u00e4<\/h3>\n<h4> mira.kasslin@westhouse.fi<br \/>\n0405950090<\/h4>\n<p>[\/et_pb_text][\/et_pb_column][et_pb_column type=&#8221;1_2&#8243; _builder_version=&#8221;4.9.4&#8243; _module_preset=&#8221;default&#8221;][\/et_pb_column][\/et_pb_row][\/et_pb_section]<\/p>\n","protected":false},"excerpt":{"rendered":"<p>[et_pb_section fb_built=&#8221;1&#8243; _builder_version=&#8221;4.9.4&#8243; _module_preset=&#8221;default&#8221; background_color=&#8221;#0C71C3&#8243; use_background_color_gradient=&#8221;on&#8221; background_color_gradient_start=&#8221;rgba(0,0,0,0)&#8221; background_color_gradient_end=&#8221;rgba(0,0,0,0.74)&#8221; background_color_gradient_start_position=&#8221;63%&#8221; background_color_gradient_overlays_image=&#8221;on&#8221; background_image=&#8221;https:\/\/kasslin.com\/wp-content\/uploads\/2025\/05\/mira_gold_wide.jpg&#8221; height=&#8221;100vh&#8221; custom_margin=&#8221;||||false|true&#8221; link_option_url=&#8221;https:\/\/kasslin.com\/?kivi_item=loft-2h-k-kph-khh-s-parvi-espoo-tyrskyvuori-4&#8243; background_last_edited=&#8221;on|desktop&#8221; custom_css_main_element=&#8221;box-sizing: border-box;&#8221;][et_pb_row column_structure=&#8221;1_2,1_2&#8243; _builder_version=&#8221;4.9.4&#8243; _module_preset=&#8221;default&#8221; positioning=&#8221;absolute&#8221; position_origin_a=&#8221;bottom_left&#8221; vertical_offset=&#8221;31px&#8221; width=&#8221;100%&#8221; max_width=&#8221;100%&#8221; custom_padding=&#8221;31px|31px|31px|31px|true|true&#8221; global_module=&#8221;3742&#8243;][et_pb_column type=&#8221;1_2&#8243; _builder_version=&#8221;4.9.4&#8243; _module_preset=&#8221;default&#8221;][et_pb_text _builder_version=&#8221;4.9.4&#8243; _module_preset=&#8221;default&#8221; text_font=&#8221;Josefin Sans|||on|||||&#8221; text_text_color=&#8221;#FFFFFF&#8221; header_text_align=&#8221;left&#8221; header_3_font=&#8221;Abel||||||||&#8221; header_3_text_align=&#8221;left&#8221; header_3_text_color=&#8221;#FFFFFF&#8221; header_3_font_size=&#8221;19px&#8221; header_3_letter_spacing=&#8221;5px&#8221; header_4_font=&#8221;Josefin Sans||||||||&#8221; header_4_text_align=&#8221;left&#8221; header_4_text_color=&#8221;#FFFFFF&#8221; header_4_font_size=&#8221;14px&#8221; header_text_align_tablet=&#8221;&#8221; header_text_align_phone=&#8221;center&#8221; header_text_align_last_edited=&#8221;on|phone&#8221; header_3_text_align_tablet=&#8221;left&#8221; header_3_text_align_phone=&#8221;center&#8221; header_3_text_align_last_edited=&#8221;on|desktop&#8221; header_4_text_align_tablet=&#8221;left&#8221; header_4_text_align_phone=&#8221;center&#8221; header_4_text_align_last_edited=&#8221;on|phone&#8221; [&hellip;]<\/p>\n","protected":false},"author":1,"featured_media":0,"parent":0,"menu_order":0,"comment_status":"closed","ping_status":"closed","template":"","meta":{"_et_pb_use_builder":"on","_et_pb_old_content":"","_et_gb_content_width":"","footnotes":""},"class_list":["post-10","page","type-page","status-publish","hentry"],"yoast_head":"<!-- This site is optimized with the Yoast SEO plugin v27.5 - https:\/\/yoast.com\/product\/yoast-seo-wordpress\/ -->\n<title>Kasslin - KASSLIN LKV<\/title>\n<meta name=\"description\" content=\"V\u00e4lit\u00e4mme kaikkia asunto- ja kiinteist\u00f6tyyppej\u00e4. Seuraamme markkinoita ja olemme ajan hermoilla hinnoittelussa. Ymm\u00e4rr\u00e4mme my\u00f6s sijoitus-, rahoitus- ja varallisuusasiat. Saat palvelukseesi kokeneet kiinteist\u00f6konkarit.\" \/>\n<meta name=\"robots\" content=\"index, follow, max-snippet:-1, max-image-preview:large, max-video-preview:-1\" \/>\n<link rel=\"canonical\" href=\"https:\/\/kasslin.com\/\" \/>\n<meta property=\"og:locale\" content=\"fi_FI\" \/>\n<meta property=\"og:type\" content=\"article\" \/>\n<meta property=\"og:title\" content=\"Kasslin - KASSLIN LKV\" \/>\n<meta property=\"og:description\" content=\"V\u00e4lit\u00e4mme kaikkia asunto- ja kiinteist\u00f6tyyppej\u00e4. Seuraamme markkinoita ja olemme ajan hermoilla hinnoittelussa. Ymm\u00e4rr\u00e4mme my\u00f6s sijoitus-, rahoitus- ja varallisuusasiat. Saat palvelukseesi kokeneet kiinteist\u00f6konkarit.\" \/>\n<meta property=\"og:url\" content=\"https:\/\/kasslin.com\/\" \/>\n<meta property=\"og:site_name\" content=\"KASSLIN LKV\" \/>\n<meta property=\"article:publisher\" content=\"https:\/\/www.facebook.com\/kasslincom\" \/>\n<meta property=\"article:modified_time\" content=\"2025-05-22T08:50:47+00:00\" \/>\n<meta name=\"twitter:card\" content=\"summary_large_image\" \/>\n<meta name=\"twitter:label1\" content=\"Arvioitu lukuaika\" \/>\n\t<meta name=\"twitter:data1\" content=\"1 minuutti\" \/>\n<script type=\"application\/ld+json\" class=\"yoast-schema-graph\">{\"@context\":\"https:\\\/\\\/schema.org\",\"@graph\":[{\"@type\":\"WebPage\",\"@id\":\"https:\\\/\\\/kasslin.com\\\/\",\"url\":\"https:\\\/\\\/kasslin.com\\\/\",\"name\":\"Kasslin - KASSLIN LKV\",\"isPartOf\":{\"@id\":\"https:\\\/\\\/kasslin.com\\\/#website\"},\"datePublished\":\"2021-05-27T07:27:07+00:00\",\"dateModified\":\"2025-05-22T08:50:47+00:00\",\"description\":\"V\u00e4lit\u00e4mme kaikkia asunto- ja kiinteist\u00f6tyyppej\u00e4. Seuraamme markkinoita ja olemme ajan hermoilla hinnoittelussa. Ymm\u00e4rr\u00e4mme my\u00f6s sijoitus-, rahoitus- ja varallisuusasiat. Saat palvelukseesi kokeneet kiinteist\u00f6konkarit.\",\"breadcrumb\":{\"@id\":\"https:\\\/\\\/kasslin.com\\\/#breadcrumb\"},\"inLanguage\":\"fi\",\"potentialAction\":[{\"@type\":\"ReadAction\",\"target\":[\"https:\\\/\\\/kasslin.com\\\/\"]}]},{\"@type\":\"BreadcrumbList\",\"@id\":\"https:\\\/\\\/kasslin.com\\\/#breadcrumb\",\"itemListElement\":[{\"@type\":\"ListItem\",\"position\":1,\"name\":\"Etusivu\",\"item\":\"https:\\\/\\\/kasslin.com\\\/\"},{\"@type\":\"ListItem\",\"position\":2,\"name\":\"Kasslin\"}]},{\"@type\":\"WebSite\",\"@id\":\"https:\\\/\\\/kasslin.com\\\/#website\",\"url\":\"https:\\\/\\\/kasslin.com\\\/\",\"name\":\"KASSLIN LKV\",\"description\":\"Kiinteist\u00f6v\u00e4litt\u00e4j\u00e4 palveluksessasi | Helsinki | Espoo | Vantaa\",\"publisher\":{\"@id\":\"https:\\\/\\\/kasslin.com\\\/#organization\"},\"potentialAction\":[{\"@type\":\"SearchAction\",\"target\":{\"@type\":\"EntryPoint\",\"urlTemplate\":\"https:\\\/\\\/kasslin.com\\\/?s={search_term_string}\"},\"query-input\":{\"@type\":\"PropertyValueSpecification\",\"valueRequired\":true,\"valueName\":\"search_term_string\"}}],\"inLanguage\":\"fi\"},{\"@type\":\"Organization\",\"@id\":\"https:\\\/\\\/kasslin.com\\\/#organization\",\"name\":\"Kasslin LKV\",\"url\":\"https:\\\/\\\/kasslin.com\\\/\",\"logo\":{\"@type\":\"ImageObject\",\"inLanguage\":\"fi\",\"@id\":\"https:\\\/\\\/kasslin.com\\\/#\\\/schema\\\/logo\\\/image\\\/\",\"url\":\"https:\\\/\\\/kasslin.com\\\/wp-content\\\/uploads\\\/2021\\\/06\\\/kasslin_gray.png\",\"contentUrl\":\"https:\\\/\\\/kasslin.com\\\/wp-content\\\/uploads\\\/2021\\\/06\\\/kasslin_gray.png\",\"width\":916,\"height\":98,\"caption\":\"Kasslin LKV\"},\"image\":{\"@id\":\"https:\\\/\\\/kasslin.com\\\/#\\\/schema\\\/logo\\\/image\\\/\"},\"sameAs\":[\"https:\\\/\\\/www.facebook.com\\\/kasslincom\",\"https:\\\/\\\/www.instagram.com\\\/mirakasslin\\\/\"]}]}<\/script>\n<!-- \/ Yoast SEO plugin. -->","yoast_head_json":{"title":"Kasslin - KASSLIN LKV","description":"V\u00e4lit\u00e4mme kaikkia asunto- ja kiinteist\u00f6tyyppej\u00e4. Seuraamme markkinoita ja olemme ajan hermoilla hinnoittelussa. Ymm\u00e4rr\u00e4mme my\u00f6s sijoitus-, rahoitus- ja varallisuusasiat. Saat palvelukseesi kokeneet kiinteist\u00f6konkarit.","robots":{"index":"index","follow":"follow","max-snippet":"max-snippet:-1","max-image-preview":"max-image-preview:large","max-video-preview":"max-video-preview:-1"},"canonical":"https:\/\/kasslin.com\/","og_locale":"fi_FI","og_type":"article","og_title":"Kasslin - KASSLIN LKV","og_description":"V\u00e4lit\u00e4mme kaikkia asunto- ja kiinteist\u00f6tyyppej\u00e4. Seuraamme markkinoita ja olemme ajan hermoilla hinnoittelussa. Ymm\u00e4rr\u00e4mme my\u00f6s sijoitus-, rahoitus- ja varallisuusasiat. Saat palvelukseesi kokeneet kiinteist\u00f6konkarit.","og_url":"https:\/\/kasslin.com\/","og_site_name":"KASSLIN LKV","article_publisher":"https:\/\/www.facebook.com\/kasslincom","article_modified_time":"2025-05-22T08:50:47+00:00","twitter_card":"summary_large_image","twitter_misc":{"Arvioitu lukuaika":"1 minuutti"},"schema":{"@context":"https:\/\/schema.org","@graph":[{"@type":"WebPage","@id":"https:\/\/kasslin.com\/","url":"https:\/\/kasslin.com\/","name":"Kasslin - KASSLIN LKV","isPartOf":{"@id":"https:\/\/kasslin.com\/#website"},"datePublished":"2021-05-27T07:27:07+00:00","dateModified":"2025-05-22T08:50:47+00:00","description":"V\u00e4lit\u00e4mme kaikkia asunto- ja kiinteist\u00f6tyyppej\u00e4. Seuraamme markkinoita ja olemme ajan hermoilla hinnoittelussa. Ymm\u00e4rr\u00e4mme my\u00f6s sijoitus-, rahoitus- ja varallisuusasiat. Saat palvelukseesi kokeneet kiinteist\u00f6konkarit.","breadcrumb":{"@id":"https:\/\/kasslin.com\/#breadcrumb"},"inLanguage":"fi","potentialAction":[{"@type":"ReadAction","target":["https:\/\/kasslin.com\/"]}]},{"@type":"BreadcrumbList","@id":"https:\/\/kasslin.com\/#breadcrumb","itemListElement":[{"@type":"ListItem","position":1,"name":"Etusivu","item":"https:\/\/kasslin.com\/"},{"@type":"ListItem","position":2,"name":"Kasslin"}]},{"@type":"WebSite","@id":"https:\/\/kasslin.com\/#website","url":"https:\/\/kasslin.com\/","name":"KASSLIN LKV","description":"Kiinteist\u00f6v\u00e4litt\u00e4j\u00e4 palveluksessasi | Helsinki | Espoo | Vantaa","publisher":{"@id":"https:\/\/kasslin.com\/#organization"},"potentialAction":[{"@type":"SearchAction","target":{"@type":"EntryPoint","urlTemplate":"https:\/\/kasslin.com\/?s={search_term_string}"},"query-input":{"@type":"PropertyValueSpecification","valueRequired":true,"valueName":"search_term_string"}}],"inLanguage":"fi"},{"@type":"Organization","@id":"https:\/\/kasslin.com\/#organization","name":"Kasslin LKV","url":"https:\/\/kasslin.com\/","logo":{"@type":"ImageObject","inLanguage":"fi","@id":"https:\/\/kasslin.com\/#\/schema\/logo\/image\/","url":"https:\/\/kasslin.com\/wp-content\/uploads\/2021\/06\/kasslin_gray.png","contentUrl":"https:\/\/kasslin.com\/wp-content\/uploads\/2021\/06\/kasslin_gray.png","width":916,"height":98,"caption":"Kasslin LKV"},"image":{"@id":"https:\/\/kasslin.com\/#\/schema\/logo\/image\/"},"sameAs":["https:\/\/www.facebook.com\/kasslincom","https:\/\/www.instagram.com\/mirakasslin\/"]}]}},"_links":{"self":[{"href":"https:\/\/kasslin.com\/index.php?rest_route=\/wp\/v2\/pages\/10","targetHints":{"allow":["GET"]}}],"collection":[{"href":"https:\/\/kasslin.com\/index.php?rest_route=\/wp\/v2\/pages"}],"about":[{"href":"https:\/\/kasslin.com\/index.php?rest_route=\/wp\/v2\/types\/page"}],"author":[{"embeddable":true,"href":"https:\/\/kasslin.com\/index.php?rest_route=\/wp\/v2\/users\/1"}],"replies":[{"embeddable":true,"href":"https:\/\/kasslin.com\/index.php?rest_route=%2Fwp%2Fv2%2Fcomments&post=10"}],"version-history":[{"count":0,"href":"https:\/\/kasslin.com\/index.php?rest_route=\/wp\/v2\/pages\/10\/revisions"}],"wp:attachment":[{"href":"https:\/\/kasslin.com\/index.php?rest_route=%2Fwp%2Fv2%2Fmedia&parent=10"}],"curies":[{"name":"wp","href":"https:\/\/api.w.org\/{rel}","templated":true}]}}